{"id":17,"date":"2016-06-26T10:22:05","date_gmt":"2016-06-26T10:22:05","guid":{"rendered":"http:\/\/www.tehnoin.si\/?page_id=17"},"modified":"2026-04-09T09:59:57","modified_gmt":"2026-04-09T09:59:57","slug":"kontakt","status":"publish","type":"page","link":"https:\/\/www.tehnoin.si\/?page_id=17","title":{"rendered":"Kontakt"},"content":{"rendered":"<div class=\"textwidget\">\n<p>TEHNOIN d.o.o.<br \/>\nPotok pri Dornberku 21<br \/>\n5294 Dornberk<\/p>\n<p>Tel: Denis, 041 397\u00a0519<br \/>\nEpo\u0161ta: denis.bizjak@tehnoin.si<\/p>\n<\/div>\n<p>Tel: Andra\u017e, 041 557 109<br \/>\nEpo\u0161ta: andraz.bizjak@tehnoin.si<\/p>\n","protected":false},"excerpt":{"rendered":"<p>TEHNOIN d.o.o. Potok pri Dornberku 21 5294 Dornberk Tel: Denis, 041 397\u00a0519 Epo\u0161ta: denis.bizjak@tehnoin.si Tel: Andra\u017e, 041 557 109 Epo\u0161ta: [&hellip;]<\/p>\n","protected":false},"author":1,"featured_media":0,"parent":0,"menu_order":0,"comment_status":"closed","ping_status":"closed","template":"contact.php","meta":[],"_links":{"self":[{"href":"https:\/\/www.tehnoin.si\/index.php?rest_route=\/wp\/v2\/pages\/17"}],"collection":[{"href":"https:\/\/www.tehnoin.si\/index.php?rest_route=\/wp\/v2\/pages"}],"about":[{"href":"https:\/\/www.tehnoin.si\/index.php?rest_route=\/wp\/v2\/types\/page"}],"author":[{"embeddable":true,"href":"https:\/\/www.tehnoin.si\/index.php?rest_route=\/wp\/v2\/users\/1"}],"replies":[{"embeddable":true,"href":"https:\/\/www.tehnoin.si\/index.php?rest_route=%2Fwp%2Fv2%2Fcomments&post=17"}],"version-history":[{"count":7,"href":"https:\/\/www.tehnoin.si\/index.php?rest_route=\/wp\/v2\/pages\/17\/revisions"}],"predecessor-version":[{"id":150,"href":"https:\/\/www.tehnoin.si\/index.php?rest_route=\/wp\/v2\/pages\/17\/revisions\/150"}],"wp:attachment":[{"href":"https:\/\/www.tehnoin.si\/index.php?rest_route=%2Fwp%2Fv2%2Fmedia&parent=17"}],"curies":[{"name":"wp","href":"https:\/\/api.w.org\/{rel}","templated":true}]}}