{"id":43,"date":"2016-06-26T11:11:30","date_gmt":"2016-06-26T11:11:30","guid":{"rendered":"http:\/\/www.tehnoin.si\/?page_id=43"},"modified":"2016-10-03T18:56:23","modified_gmt":"2016-10-03T18:56:23","slug":"klima-naprave","status":"publish","type":"page","link":"https:\/\/www.tehnoin.si\/?page_id=43","title":{"rendered":"Monta\u017ea klima naprav"},"content":{"rendered":"<p>Na\u0161a skupina vam hitro in strokovno montira klima napravo. Pokli\u010dite nas.<\/p>\n","protected":false},"excerpt":{"rendered":"<p>Na\u0161a skupina vam hitro in strokovno montira klima napravo. Pokli\u010dite nas.<\/p>\n","protected":false},"author":1,"featured_media":0,"parent":0,"menu_order":0,"comment_status":"closed","ping_status":"closed","template":"fullwidth.php","meta":[],"_links":{"self":[{"href":"https:\/\/www.tehnoin.si\/index.php?rest_route=\/wp\/v2\/pages\/43"}],"collection":[{"href":"https:\/\/www.tehnoin.si\/index.php?rest_route=\/wp\/v2\/pages"}],"about":[{"href":"https:\/\/www.tehnoin.si\/index.php?rest_route=\/wp\/v2\/types\/page"}],"author":[{"embeddable":true,"href":"https:\/\/www.tehnoin.si\/index.php?rest_route=\/wp\/v2\/users\/1"}],"replies":[{"embeddable":true,"href":"https:\/\/www.tehnoin.si\/index.php?rest_route=%2Fwp%2Fv2%2Fcomments&post=43"}],"version-history":[{"count":7,"href":"https:\/\/www.tehnoin.si\/index.php?rest_route=\/wp\/v2\/pages\/43\/revisions"}],"predecessor-version":[{"id":86,"href":"https:\/\/www.tehnoin.si\/index.php?rest_route=\/wp\/v2\/pages\/43\/revisions\/86"}],"wp:attachment":[{"href":"https:\/\/www.tehnoin.si\/index.php?rest_route=%2Fwp%2Fv2%2Fmedia&parent=43"}],"curies":[{"name":"wp","href":"https:\/\/api.w.org\/{rel}","templated":true}]}}